{"id":1770,"date":"2018-07-26T20:43:14","date_gmt":"2018-07-26T18:43:14","guid":{"rendered":"https:\/\/fashionweekendskopje.mk\/united-fashion\/"},"modified":"2020-06-22T16:22:37","modified_gmt":"2020-06-22T14:22:37","slug":"united-fashion-mk","status":"publish","type":"page","link":"https:\/\/fashionweekendskopje.mk\/mk\/united-fashion-mk\/","title":{"rendered":"United Fashion"},"content":{"rendered":"<p>[et_pb_section bb_built=&#8221;1&#8243; fullwidth=&#8221;on&#8221; specialty=&#8221;off&#8221; next_background_color=&#8221;#000000&#8243;][et_pb_fullwidth_code _builder_version=&#8221;3.15&#8243;]\n\t\t\t\t<p class=\"rs-p-wp-fix\"><\/p>\n\t\t\t\t<sr7-module data-alias=\"intro-video\" data-id=\"7\" id=\"SR7_7_1\" data-version=\"6.7.50\">\n\t\t\t\t\t<sr7-adjuster><\/sr7-adjuster>\n\t\t\t\t\t<sr7-content>\n\t\t\t\t\t\t<sr7-slide id=\"SR7_7_1-10\" data-key=\"10\">\n\t\t\t\t\t\t\t<sr7-txt id=\"SR7_7_1-10-7\" class=\"sr7-layer\">We are 8 fash\u00adion organ\u00adi\u00adsa\u00adtions <\/br>that teamed up to cov\u00ader dif\u00adfer\u00adent geo\u00adgraph\u00adi\u00adcal mar\u00adkets in Europe and address sev\u00ader\u00adal fash\u00adion issues._<\/sr7-txt>\n\t\t\t\t\t\t<\/sr7-slide>\n\t\t\t\t\t<\/sr7-content>\n\t\t\t\t<\/sr7-module>\n\t\t\t\t<script>\n\t\t\t\t\twindow.SR7 ??={};SR7.PMH ??={}; SR7.PMH[\"SR7_7_1\"] = {cn:100,state:false,fn: function() { if (_tpt!==undefined && _tpt.prepareModuleHeight !== undefined) {  _tpt.prepareModuleHeight({id:\"SR7_7_1\",el:[],type:'hero',shdw:'0',gh:[868],gw:[1240],vpt:['-200px'],size:{fullWidth:true, fullHeight:true},offsetContainer:'#logo',offset:'',mh:'0',onh:0,onw:0,bg:{color:'transparent'},plType:'-1',plColor:'#FFFFFF'});   SR7.PMH[\"SR7_7_1\"].state=true;} else if(SR7.PMH[\"SR7_7_1\"].cn-->0)\tsetTimeout( SR7.PMH[\"SR7_7_1\"].fn,19);}};SR7.PMH[\"SR7_7_1\" ].fn();\n\t\t\t\t<\/script>\n[\/et_pb_fullwidth_code][\/et_pb_section][et_pb_section bb_built=&#8221;1&#8243; prev_background_color=&#8221;#000000&#8243; _builder_version=&#8221;3.14&#8243; next_background_color=&#8221;#000000&#8243; disabled=&#8221;off&#8221; disabled_on=&#8221;on|on|&#8221;][et_pb_row][et_pb_column type=&#8221;4_4&#8243;][et_pb_text _builder_version=&#8221;3.15&#8243;]<\/p>\n<p>United Fashion (\u041e\u0431\u0435\u0434\u0438\u043d\u0435\u0442\u0430 \u043c\u043e\u0434\u0430) \u0458\u0430 \u0441\u043f\u0440\u043e\u0432\u0435\u0434\u0443\u0432\u0430 \u0433\u0440\u0443\u043f\u0430 \u043e\u0434 \u0435\u0432\u0440\u043e\u043f\u0441\u043a\u0438 \u0437\u0434\u0440\u0443\u0436\u0435\u043d\u0438\u0458\u0430 \u0437\u0430 \u043c\u043e\u0434\u043d\u0430 \u043f\u043e\u0434\u0434\u0440\u0448\u043a\u0430 MAD Brussels (\u0411\u0435\u043b\u0433\u0438\u0458\u0430), Flanders DC (\u0424\u043b\u0430\u043d\u0434\u0440\u0438\u0458\u0430), ModaLisboa (\u041f\u043e\u0440\u0442\u0443\u0433\u0430\u043b\u0438\u0458\u0430), Baltic Fashion Federation (\u041b\u0430\u0442\u0432\u0438\u0458\u0430), Maison de Mode (\u0424\u0440\u0430\u043d\u0446\u0438\u0458\u0430), Fashion Weekend Skopje (\u041c\u0430\u043a\u0435\u0434\u043e\u043d\u0438\u0458\u0430), Fashion Council Germany (\u0413\u0435\u0440\u043c\u0430\u043d\u0438\u0458\u0430) and Not Just A Label (\u0412\u0435\u043b\u0438\u043a\u0430 \u0411\u0440\u0438\u0442\u0430\u043d\u0438\u0458\u0430).<\/p>\n<p>\u041d\u0430\u0448\u0430\u0442\u0430 \u0446\u0435\u043b \u0435 \u0434\u0430 \u0458\u0430 \u043f\u043e\u0434\u043e\u0431\u0440\u0438\u043c\u0435 \u043a\u0443\u043b\u0442\u0443\u0440\u0430\u0442\u0430 \u043d\u0430 \u043c\u043e\u0434\u043d\u0438 \u0434\u0438\u0437\u0430\u0458\u043d\u0435\u0440\u0438 \u0448\u0438\u0440\u0443\u043c \u0415\u0432\u0440\u043e\u043f\u0430 \u0437\u0430 \u0434\u0430 \u0431\u0438\u0434\u0435\u043c\u0435 \u043f\u043e\u0432\u0435\u045c\u0435 \u043e\u0440\u0435\u043d\u0442\u0438\u0440\u0430\u043d\u0438 \u043a\u043e\u043d \u0431\u0438\u0437\u043d\u0438\u0441\u043e\u0442 \u0438 \u0434\u0430 \u0458\u0430 \u0437\u0430\u0458\u0430\u043a\u043d\u0435\u043c\u0435 \u043d\u0438\u0432\u043d\u0430\u0442\u0430 \u043a\u043e\u043d\u043a\u0443\u0440\u0435\u043d\u0442\u043d\u043e\u0441\u0442 \u043d\u0430 \u043c\u0435\u0453\u0443\u043d\u0430\u0440\u043e\u0434\u043d\u043e \u043d\u0438\u0432\u043e \u0431\u0435\u0437 \u0434\u0430 \u0458\u0430 \u043e\u0433\u0440\u0430\u043d\u0438\u0447\u0438\u043c\u0435 \u043d\u0438\u0432\u043d\u0430\u0442\u0430 \u043a\u0440\u0435\u0430\u0442\u0438\u0432\u043d\u043e\u0441\u0442. \u201e\u041e\u0431\u0435\u0434\u0438\u043d\u0435\u0442\u0430 \u043c\u043e\u0434\u0430\u201c \u0458\u0430 \u0434\u043e\u0431\u0438 \u043f\u043e\u0434\u0434\u0440\u0448\u043a\u0430\u0442\u0430 \u043e\u0434 \u043f\u0440\u043e\u0433\u0440\u0430\u043c\u0430\u0442\u0430 \u041a\u0440\u0438\u0435\u0458\u0442\u0438\u0432 \u0415\u0432\u0440\u043e\u043f\u0430 (Creative Europe) \u043d\u0430 \u0415\u0432\u0440\u043e\u043f\u0441\u043a\u0430\u0442\u0430 \u0443\u043d\u0438\u0458\u0430.<\/p>\n<p>\u041f\u0440\u0435\u043a\u0443 \u0431\u0440\u043e\u0458\u043d\u0438 \u043c\u0435\u0453\u0443\u043d\u0430\u0440\u043e\u0434\u043d\u0438 \u043d\u0430\u0441\u0442\u0430\u043d\u0438 \u0437\u0430 \u0432\u043c\u0440\u0435\u0436\u0443\u0432\u0430\u045a\u0435 \u0438 \u0442\u0440\u0430\u043d\u0441\u0434\u0438\u0441\u0446\u0438\u043f\u043b\u0438\u043d\u0430\u0440\u043d\u0438 \u0440\u0430\u0431\u043e\u0442\u0438\u043b\u043d\u0438\u0446\u0438 \u0437\u0430 \u043e\u0431\u0443\u043a\u0430, \u0432\u043e \u0442\u0435\u043a\u043e\u0442 \u043d\u0430 \u0447\u0435\u0442\u0438\u0440\u0438\u0433\u043e\u0434\u0438\u0448\u0435\u043d \u043f\u0435\u0440\u0438\u043e\u0434, \u043f\u043e\u0432\u0435\u045c\u0435 \u043e\u0434 150 \u043c\u043e\u0434\u043d\u0438 \u0434\u0438\u0437\u0430\u0458\u043d\u0435\u0440\u0438 \u045c\u0435 \u0438\u043c\u0430\u0430\u0442 \u043c\u043e\u0436\u043d\u043e\u0441\u0442 \u0434\u0430 \u0443\u0447\u0435\u0441\u0442\u0432\u0443\u0432\u0430\u0430\u0442 \u043f\u0440\u0435\u043a\u0443 \u043f\u0440\u0438\u043a\u0430\u0436\u0443\u0432\u0430\u045a\u0435 \u043d\u0430 \u043d\u0438\u0432\u043d\u0430\u0442\u0430 \u043a\u043e\u043b\u0435\u043a\u0446\u0438\u0458\u0430, \u0437\u0430\u043f\u043e\u0437\u043d\u0430\u0432\u0430\u045a\u0435 \u0438 \u0440\u0430\u0437\u0431\u0438\u0440\u0430\u045a\u0435 \u043d\u0430 \u043d\u0435\u043a\u043e\u043b\u043a\u0443 \u0435\u0432\u0440\u043e\u043f\u0441\u043a\u0438 \u043f\u0430\u0437\u0430\u0440\u0438, \u0440\u0430\u0437\u0432\u0438\u0432\u0430\u045a\u0435 \u043d\u0430 \u043d\u043e\u0432\u0438 \u0432\u0435\u0448\u0442\u0438\u043d\u0438 \u0432\u043e \u043c\u043e\u0434\u0430\u0442\u0430 , \u043e\u0434\u0440\u0436\u043b\u0438\u0432\u0430 \u043c\u043e\u0434\u0430, \u043f\u0440\u043e\u0438\u0437\u0432\u043e\u0434\u0441\u0442\u0432\u043e, \u0438\u0437\u0440\u0430\u0431\u043e\u0442\u043a\u0430 \u0438 \u0431\u0438\u0437\u043d\u0438\u0441 \u043c\u043e\u0434\u0435\u043b\u0438.<\/p>\n<p>\u041a\u0430\u043a\u043e \u0437\u0435\u043c\u0458\u0430 \u0434\u043e\u043c\u0430\u045c\u0438\u043d, \u041c\u043e\u0434 \u0412\u0438\u043a\u0435\u043d\u0434 \u0421\u043a\u043e\u043f\u0458\u0435 \u0432\u043e \u043c\u0430\u0440\u0442 2019 \u045c\u0435 \u0433\u0438 \u043f\u043e\u043a\u0430\u043d\u0438 \u0438\u0437\u0431\u0440\u0430\u043d\u0438\u0442\u0435 \u0435\u0442\u0438\u043a\u0435\u0442\u0438 (\u0431\u0440\u0435\u043d\u0434\u043e\u0432\u0438) \u043e\u0434 \u0411\u0435\u043b\u0433\u0438\u0458\u0430, \u0424\u0440\u0430\u043d\u0446\u0438\u0458\u0430, \u041f\u043e\u0440\u0442\u0443\u0433\u0430\u043b\u0438\u0458\u0430, \u041b\u0430\u0442\u0432\u0438\u0458\u0430, \u0413\u0435\u0440\u043c\u0430\u043d\u0438\u0458\u0430 \u0438 \u0412\u0435\u043b\u0438\u043a\u0430 \u0411\u0440\u0438\u0442\u0430\u043d\u0438\u0458\u0430 \u0432\u043e \u0421\u043a\u043e\u043f\u0458\u0435 \u0437\u0430 \u0434\u0430 \u0433\u0438 \u0437\u0430\u043f\u043e\u0437\u043d\u0430\u0430\u0442 \u0441\u043e \u043f\u0430\u0437\u0430\u0440\u043e\u0442 \u043d\u0430 \u0408\u0443\u0433\u043e\u0438\u0441\u0442\u043e\u0447\u043d\u0430 \u0415\u0432\u0440\u043e\u043f\u0430.<\/p>\n<p>\u041f\u043e\u043a\u0440\u0430\u0458 \u0442\u043e\u0430, United Fashion \u0438\u043c\u0430 16 \u043f\u0430\u0440\u0442\u043d\u0435\u0440\u0438-\u0441\u043e\u0440\u0430\u0431\u043e\u0442\u043d\u0438\u0446\u0438: ACME\u2009\u2014\u2009Aso\u00adciaci\u00f3n Creadores de Moda de Espa\u00f1a (\u0428\u043f\u0430\u043d\u0438\u0458\u0430), Aus\u00adtri\u00adan Fash\u00adion Asso\u00adci\u00ada\u00adtion (\u0410\u0432\u0441\u0442\u0440\u0438\u0458\u0430), Cen\u00adtre for Fash\u00adion Enter\u00adprise \u2013 Uni\u00adver\u00adsi\u00adty of Arts Lon\u00addon (\u0412\u0435\u043b\u0438\u043a\u0430 \u0411\u0440\u0438\u0442\u0430\u043d\u0438\u0458\u0430), Coun\u00adcil of Irish Fash\u00adion Design\u00aders (\u0418\u0440\u0441\u043a\u0430), Cyprus Fash\u00adion Design\u00aders Asso\u00adci\u00ada\u00adtion (\u041a\u0438\u043f\u0430\u0440), Design Ter\u00admi\u00adnal (\u0423\u043d\u0433\u0430\u0440\u0438\u0458\u0430), Dutch Fash\u00adion Foun\u00adda\u00adtion (\u0425\u043e\u043b\u0430\u043d\u0434\u0438\u0458\u0430), Euro\u00adpeana Fash\u00adion Inter\u00adna\u00adtion\u00adal Asso\u00adci\u00ada\u00adtion, F\u00e9d\u00e9ra\u00adtion fran\u00e7aise du Pr\u00eat \u00e0 Porter f\u00e9minin (\u0424\u0440\u0430\u043d\u0446\u0438\u0458\u0430), Fes\u00adti\u00adval Inter\u00adna\u00adtion\u00adal de Mode et de Pho\u00adtogra\u00adphie d\u2019Hy\u00e8res (\u0424\u0440\u0430\u043d\u0446\u0438\u0458\u0430), Future in Fash\u00adion Foun\u00adda\u00adtion (\u041f\u043e\u043b\u0441\u043a\u0430), NFLH\u2009\u2014\u2009Fash\u00adion Hun\u00adgary (\u0423\u043d\u0433\u0430\u0440\u0438\u0458\u0430), Nor\u00adwe\u00adgian Fash\u00adion Insti\u00adtute (\u041d\u043e\u0440\u0432\u0435\u0448\u043a\u0430), Source\u00adbook (\u0414\u0430\u043d\u0441\u043a\u0430), Squat (\u0421\u043b\u043e\u0432\u0435\u043d\u0438\u0458\u0430), and Wal\u00adlonie-Brux\u00adelles Design Mode (\u0411\u0435\u043b\u0433\u0438\u0458\u0430).<\/p>\n<p>[\/et_pb_text][\/et_pb_column][\/et_pb_row][\/et_pb_section][et_pb_section bb_built=&#8221;1&#8243; specialty=&#8221;off&#8221; prev_background_color=&#8221;#000000&#8243; _builder_version=&#8221;3.12.2&#8243; disabled=&#8221;off&#8221; disabled_on=&#8221;on|on|off&#8221; next_background_color=&#8221;#000000&#8243;][et_pb_row][et_pb_column type=&#8221;4_4&#8243;][et_pb_blog_2 _builder_version=&#8221;3.15&#8243; header_font_size_tablet=&#8221;51&#8243; header_line_height_tablet=&#8221;2&#8243; body_font_size_tablet=&#8221;51&#8243; body_line_height_tablet=&#8221;2&#8243; meta_font_size_tablet=&#8221;51&#8243; meta_line_height_tablet=&#8221;2&#8243; pagination_font_size_tablet=&#8221;51&#8243; pagination_line_height_tablet=&#8221;2&#8243; show_author=&#8221;off&#8221; posts_number=&#8221;15&#8243; header_text_color=&#8221;#0033ff&#8221; body_text_color=&#8221;#0033ff&#8221; meta_text_color=&#8221;#0033ff&#8221; pagination_text_color=&#8221;#0033ff&#8221; show_more=&#8221;on&#8221; include_categories=&#8221;513&#8243; \/][\/et_pb_column][\/et_pb_row][\/et_pb_section][et_pb_section bb_built=&#8221;1&#8243; specialty=&#8221;off&#8221; prev_background_color=&#8221;#000000&#8243; _builder_version=&#8221;3.15&#8243; disabled=&#8221;off&#8221; disabled_on=&#8221;off|off|on&#8221; next_background_color=&#8221;#000000&#8243;][et_pb_row][et_pb_column type=&#8221;4_4&#8243;][et_pb_blog _builder_version=&#8221;3.15&#8243; include_categories=&#8221;757&#8243; show_more=&#8221;on&#8221; show_author=&#8221;off&#8221; show_date=&#8221;off&#8221; fullwidth=&#8221;off&#8221; header_text_color=&#8221;#0033ff&#8221; body_text_color=&#8221;#0033ff&#8221; meta_text_color=&#8221;#0033ff&#8221; pagination_text_color=&#8221;#0033ff&#8221; border_width_all=&#8221;0px&#8221; animation_style=&#8221;slide&#8221; animation_direction=&#8221;bottom&#8221; \/][\/et_pb_column][\/et_pb_row][\/et_pb_section][et_pb_section bb_built=&#8221;1&#8243; specialty=&#8221;off&#8221; prev_background_color=&#8221;#000000&#8243; next_background_color=&#8221;#000000&#8243; _builder_version=&#8221;3.15&#8243; custom_margin=&#8221;0px||0px|&#8221; custom_padding=&#8221;0px||0px|&#8221;][et_pb_row][et_pb_column type=&#8221;4_4&#8243;][et_pb_text _builder_version=&#8221;3.15&#8243; text_font=&#8221;|700|||||||&#8221; text_font_size=&#8221;18px&#8221;]<\/p>\n<p>\u041f\u0420\u041e\u0415\u041a\u0422:<\/p>\n<p>[\/et_pb_text][\/et_pb_column][\/et_pb_row][et_pb_row _builder_version=&#8221;3.15&#8243; module_class=&#8221;eight-columns&#8221; custom_margin=&#8221;0px||0px|&#8221; custom_padding=&#8221;0px||0px|&#8221;][et_pb_column type=&#8221;4_4&#8243;][et_pb_image admin_label=&#8221;MAD&#8221; _builder_version=&#8221;3.15&#8243; src=&#8221;https:\/\/fashionweekendskopje.mk\/wp-content\/uploads\/2018\/08\/FWSK-logo-r.jpg&#8221; url=&#8221;https:\/\/mad.brussels\/fr&#8221; url_new_window=&#8221;on&#8221; max_width=&#8221;80%&#8221; module_alignment=&#8221;left&#8221; max_width_tablet=&#8221;100%&#8221; max_width_last_edited=&#8221;on|desktop&#8221; align=&#8221;center&#8221; \/][\/et_pb_column][\/et_pb_row][\/et_pb_section][et_pb_section bb_built=&#8221;1&#8243; specialty=&#8221;off&#8221; prev_background_color=&#8221;#000000&#8243; _builder_version=&#8221;3.15&#8243; custom_margin=&#8221;0px|||&#8221; custom_padding=&#8221;0px|||&#8221;][et_pb_row][et_pb_column type=&#8221;4_4&#8243;][et_pb_text _builder_version=&#8221;3.15&#8243; text_font=&#8221;|700|||||||&#8221; text_font_size=&#8221;18px&#8221;]<\/p>\n<p>\u0418\u041d\u0418\u0426\u0418\u0408\u0410\u0422\u041e\u0420\u0418:<\/p>\n<p>[\/et_pb_text][\/et_pb_column][\/et_pb_row][et_pb_row _builder_version=&#8221;3.14&#8243; module_class=&#8221;eight-columns&#8221;][et_pb_column type=&#8221;4_4&#8243;][et_pb_image admin_label=&#8221;MAD&#8221; _builder_version=&#8221;3.15&#8243; src=&#8221;https:\/\/fashionweekendskopje.mk\/wp-content\/uploads\/2020\/06\/MAD_logo_black.jpg&#8221; url=&#8221;https:\/\/mad.brussels\/fr&#8221; url_new_window=&#8221;on&#8221; max_width=&#8221;80%&#8221; module_alignment=&#8221;left&#8221; max_width_tablet=&#8221;100%&#8221; max_width_last_edited=&#8221;on|desktop&#8221; align=&#8221;center&#8221; \/][et_pb_image admin_label=&#8221;Baltic Fashion Federation&#8221; _builder_version=&#8221;3.14&#8243; src=&#8221;https:\/\/fashionweekendskopje.mk\/wp-content\/uploads\/2018\/09\/BALTIC_2.jpg&#8221; url=&#8221;http:\/\/www.bffederation.com\/&#8221; url_new_window=&#8221;on&#8221; max_width=&#8221;80%&#8221; max_width_tablet=&#8221;100%&#8221; max_width_last_edited=&#8221;on|desktop&#8221; module_alignment=&#8221;left&#8221; \/][et_pb_image admin_label=&#8221;FCG&#8221; _builder_version=&#8221;3.14&#8243; src=&#8221;https:\/\/fashionweekendskopje.mk\/wp-content\/uploads\/2018\/09\/FASHION_CONCIL_3.png&#8221; url=&#8221;https:\/\/www.fashion-council-germany.org\/&#8221; url_new_window=&#8221;on&#8221; max_width=&#8221;80%&#8221; max_width_tablet=&#8221;100%&#8221; max_width_last_edited=&#8221;on|desktop&#8221; module_alignment=&#8221;left&#8221; \/][et_pb_image admin_label=&#8221;FWS&#8221; _builder_version=&#8221;3.14&#8243; src=&#8221;https:\/\/fashionweekendskopje.mk\/wp-content\/uploads\/2018\/09\/FWSK.png&#8221; url=&#8221;http:\/\/www.fashionweekendskopje.mk\/&#8221; url_new_window=&#8221;on&#8221; max_width=&#8221;80%&#8221; max_width_tablet=&#8221;100%&#8221; max_width_last_edited=&#8221;on|tablet&#8221; module_alignment=&#8221;left&#8221; \/][et_pb_image admin_label=&#8221;Flanders&#8221; _builder_version=&#8221;3.14&#8243; src=&#8221;https:\/\/fashionweekendskopje.mk\/wp-content\/uploads\/2018\/09\/FLANDERS_5.png&#8221; url=&#8221;https:\/\/www.flandersdc.be\/en&#8221; url_new_window=&#8221;on&#8221; max_width=&#8221;80%&#8221; max_width_tablet=&#8221;100%&#8221; max_width_last_edited=&#8221;on|tablet&#8221; module_alignment=&#8221;left&#8221; \/][et_pb_image admin_label=&#8221;ModalLisboa&#8221; _builder_version=&#8221;3.14&#8243; src=&#8221;https:\/\/fashionweekendskopje.mk\/wp-content\/uploads\/2018\/09\/MODAL.png&#8221; url=&#8221;https:\/\/modalisboa.pt\/&#8221; url_new_window=&#8221;on&#8221; module_alignment=&#8221;left&#8221; max_width=&#8221;80%&#8221; max_width_tablet=&#8221;100%&#8221; max_width_last_edited=&#8221;on|phone&#8221; \/][et_pb_image admin_label=&#8221;Maisons De Mode&#8221; _builder_version=&#8221;3.14&#8243; src=&#8221;https:\/\/fashionweekendskopje.mk\/wp-content\/uploads\/2018\/09\/MAD_vertical_black_6.png&#8221; url=&#8221;http:\/\/www.maisonsdemode.com\/en\/&#8221; url_new_window=&#8221;on&#8221; module_alignment=&#8221;left&#8221; max_width=&#8221;80%&#8221; max_width_tablet=&#8221;100%&#8221; max_width_last_edited=&#8221;on|phone&#8221; \/][\/et_pb_column][\/et_pb_row][et_pb_row _builder_version=&#8221;3.14&#8243; border_width_top=&#8221;1px&#8221; module_alignment=&#8221;center&#8221; custom_margin=&#8221;||100px|&#8221;][et_pb_column type=&#8221;1_3&#8243;][\/et_pb_column][et_pb_column type=&#8221;1_3&#8243;][et_pb_image admin_label=&#8221;EU&#8221; _builder_version=&#8221;3.14&#8243; src=&#8221;https:\/\/fashionweekendskopje.mk\/wp-content\/uploads\/2018\/09\/eu_flag_creative_europe_co_funded_vect_pos_cmyk_right-Converted.png&#8221; max_width=&#8221;80%&#8221; max_width_tablet=&#8221;100%&#8221; max_width_last_edited=&#8221;on|tablet&#8221; show_bottom_space=&#8221;off&#8221; custom_margin=&#8221;||0px|&#8221; url=&#8221;https:\/\/ec.europa.eu\/programmes\/creative-europe\/&#8221; url_new_window=&#8221;on&#8221; \/][\/et_pb_column][et_pb_column type=&#8221;1_3&#8243;][\/et_pb_column][\/et_pb_row][\/et_pb_section]<\/p>\n","protected":false},"excerpt":{"rendered":"<p>\u00a9 Fashion Council Germany e.V.<\/p>\n","protected":false},"author":1,"featured_media":1214,"parent":0,"menu_order":0,"comment_status":"closed","ping_status":"closed","template":"","meta":{"_et_pb_use_builder":"on","_et_pb_old_content":"","_et_gb_content_width":"","footnotes":""},"class_list":["post-1770","page","type-page","status-publish","has-post-thumbnail","hentry","odd"],"yoast_head":"<!-- This site is optimized with the Yoast SEO Premium plugin v26.4 (Yoast SEO v27.2) - https:\/\/yoast.com\/product\/yoast-seo-premium-wordpress\/ -->\n<title>United Fashion - FWSK<\/title>\n<meta name=\"robots\" content=\"index, follow, max-snippet:-1, max-image-preview:large, max-video-preview:-1\" \/>\n<link rel=\"canonical\" href=\"https:\/\/fashionweekendskopje.mk\/mk\/united-fashion-mk\/\" \/>\n<meta property=\"og:locale\" content=\"mk_MK\" \/>\n<meta property=\"og:type\" content=\"article\" \/>\n<meta property=\"og:title\" content=\"United Fashion\" \/>\n<meta property=\"og:description\" content=\"\u00a9 Fashion Council Germany e.V.\" \/>\n<meta property=\"og:url\" content=\"https:\/\/fashionweekendskopje.mk\/mk\/united-fashion-mk\/\" \/>\n<meta property=\"og:site_name\" content=\"FWSK\" \/>\n<meta property=\"article:publisher\" content=\"https:\/\/www.facebook.com\/modenvikend\/\" \/>\n<meta property=\"article:modified_time\" content=\"2020-06-22T14:22:37+00:00\" \/>\n<meta property=\"og:image\" content=\"https:\/\/fashionweekendskopje.mk\/wp-content\/uploads\/2018\/08\/web2-3.jpg\" \/>\n\t<meta property=\"og:image:width\" content=\"1920\" \/>\n\t<meta property=\"og:image:height\" content=\"1280\" \/>\n\t<meta property=\"og:image:type\" content=\"image\/jpeg\" \/>\n<meta name=\"twitter:card\" content=\"summary_large_image\" \/>\n<meta name=\"twitter:site\" content=\"@FW_SK\" \/>\n<meta name=\"twitter:label1\" content=\"Est. reading time\" \/>\n\t<meta name=\"twitter:data1\" content=\"5 \u043c\u0438\u043d\u0443\u0442\u0438\" \/>\n<script type=\"application\/ld+json\" class=\"yoast-schema-graph\">{\"@context\":\"https:\/\/schema.org\",\"@graph\":[{\"@type\":\"WebPage\",\"@id\":\"https:\/\/fashionweekendskopje.mk\/mk\/united-fashion-mk\/\",\"url\":\"https:\/\/fashionweekendskopje.mk\/mk\/united-fashion-mk\/\",\"name\":\"United Fashion - FWSK\",\"isPartOf\":{\"@id\":\"https:\/\/fashionweekendskopje.mk\/#website\"},\"primaryImageOfPage\":{\"@id\":\"https:\/\/fashionweekendskopje.mk\/mk\/united-fashion-mk\/#primaryimage\"},\"image\":{\"@id\":\"https:\/\/fashionweekendskopje.mk\/mk\/united-fashion-mk\/#primaryimage\"},\"thumbnailUrl\":\"https:\/\/fashionweekendskopje.mk\/wp-content\/uploads\/2018\/08\/web2-3.jpg\",\"datePublished\":\"2018-07-26T18:43:14+00:00\",\"dateModified\":\"2020-06-22T14:22:37+00:00\",\"breadcrumb\":{\"@id\":\"https:\/\/fashionweekendskopje.mk\/mk\/united-fashion-mk\/#breadcrumb\"},\"inLanguage\":\"mk-MK\",\"potentialAction\":[{\"@type\":\"ReadAction\",\"target\":[\"https:\/\/fashionweekendskopje.mk\/mk\/united-fashion-mk\/\"]}]},{\"@type\":\"ImageObject\",\"inLanguage\":\"mk-MK\",\"@id\":\"https:\/\/fashionweekendskopje.mk\/mk\/united-fashion-mk\/#primaryimage\",\"url\":\"https:\/\/fashionweekendskopje.mk\/wp-content\/uploads\/2018\/08\/web2-3.jpg\",\"contentUrl\":\"https:\/\/fashionweekendskopje.mk\/wp-content\/uploads\/2018\/08\/web2-3.jpg\",\"width\":1920,\"height\":1280},{\"@type\":\"BreadcrumbList\",\"@id\":\"https:\/\/fashionweekendskopje.mk\/mk\/united-fashion-mk\/#breadcrumb\",\"itemListElement\":[{\"@type\":\"ListItem\",\"position\":1,\"name\":\"Home\",\"item\":\"https:\/\/fashionweekendskopje.mk\/mk\/\"},{\"@type\":\"ListItem\",\"position\":2,\"name\":\"United Fashion\"}]},{\"@type\":\"WebSite\",\"@id\":\"https:\/\/fashionweekendskopje.mk\/#website\",\"url\":\"https:\/\/fashionweekendskopje.mk\/\",\"name\":\"FWSK\",\"description\":\"\",\"potentialAction\":[{\"@type\":\"SearchAction\",\"target\":{\"@type\":\"EntryPoint\",\"urlTemplate\":\"https:\/\/fashionweekendskopje.mk\/?s={search_term_string}\"},\"query-input\":{\"@type\":\"PropertyValueSpecification\",\"valueRequired\":true,\"valueName\":\"search_term_string\"}}],\"inLanguage\":\"mk-MK\"}]}<\/script>\n<!-- \/ Yoast SEO Premium plugin. -->","yoast_head_json":{"title":"United Fashion - FWSK","robots":{"index":"index","follow":"follow","max-snippet":"max-snippet:-1","max-image-preview":"max-image-preview:large","max-video-preview":"max-video-preview:-1"},"canonical":"https:\/\/fashionweekendskopje.mk\/mk\/united-fashion-mk\/","og_locale":"mk_MK","og_type":"article","og_title":"United Fashion","og_description":"\u00a9 Fashion Council Germany e.V.","og_url":"https:\/\/fashionweekendskopje.mk\/mk\/united-fashion-mk\/","og_site_name":"FWSK","article_publisher":"https:\/\/www.facebook.com\/modenvikend\/","article_modified_time":"2020-06-22T14:22:37+00:00","og_image":[{"width":1920,"height":1280,"url":"https:\/\/fashionweekendskopje.mk\/wp-content\/uploads\/2018\/08\/web2-3.jpg","type":"image\/jpeg"}],"twitter_card":"summary_large_image","twitter_site":"@FW_SK","twitter_misc":{"Est. reading time":"5 \u043c\u0438\u043d\u0443\u0442\u0438"},"schema":{"@context":"https:\/\/schema.org","@graph":[{"@type":"WebPage","@id":"https:\/\/fashionweekendskopje.mk\/mk\/united-fashion-mk\/","url":"https:\/\/fashionweekendskopje.mk\/mk\/united-fashion-mk\/","name":"United Fashion - FWSK","isPartOf":{"@id":"https:\/\/fashionweekendskopje.mk\/#website"},"primaryImageOfPage":{"@id":"https:\/\/fashionweekendskopje.mk\/mk\/united-fashion-mk\/#primaryimage"},"image":{"@id":"https:\/\/fashionweekendskopje.mk\/mk\/united-fashion-mk\/#primaryimage"},"thumbnailUrl":"https:\/\/fashionweekendskopje.mk\/wp-content\/uploads\/2018\/08\/web2-3.jpg","datePublished":"2018-07-26T18:43:14+00:00","dateModified":"2020-06-22T14:22:37+00:00","breadcrumb":{"@id":"https:\/\/fashionweekendskopje.mk\/mk\/united-fashion-mk\/#breadcrumb"},"inLanguage":"mk-MK","potentialAction":[{"@type":"ReadAction","target":["https:\/\/fashionweekendskopje.mk\/mk\/united-fashion-mk\/"]}]},{"@type":"ImageObject","inLanguage":"mk-MK","@id":"https:\/\/fashionweekendskopje.mk\/mk\/united-fashion-mk\/#primaryimage","url":"https:\/\/fashionweekendskopje.mk\/wp-content\/uploads\/2018\/08\/web2-3.jpg","contentUrl":"https:\/\/fashionweekendskopje.mk\/wp-content\/uploads\/2018\/08\/web2-3.jpg","width":1920,"height":1280},{"@type":"BreadcrumbList","@id":"https:\/\/fashionweekendskopje.mk\/mk\/united-fashion-mk\/#breadcrumb","itemListElement":[{"@type":"ListItem","position":1,"name":"Home","item":"https:\/\/fashionweekendskopje.mk\/mk\/"},{"@type":"ListItem","position":2,"name":"United Fashion"}]},{"@type":"WebSite","@id":"https:\/\/fashionweekendskopje.mk\/#website","url":"https:\/\/fashionweekendskopje.mk\/","name":"FWSK","description":"","potentialAction":[{"@type":"SearchAction","target":{"@type":"EntryPoint","urlTemplate":"https:\/\/fashionweekendskopje.mk\/?s={search_term_string}"},"query-input":{"@type":"PropertyValueSpecification","valueRequired":true,"valueName":"search_term_string"}}],"inLanguage":"mk-MK"}]}},"_links":{"self":[{"href":"https:\/\/fashionweekendskopje.mk\/mk\/wp-json\/wp\/v2\/pages\/1770","targetHints":{"allow":["GET"]}}],"collection":[{"href":"https:\/\/fashionweekendskopje.mk\/mk\/wp-json\/wp\/v2\/pages"}],"about":[{"href":"https:\/\/fashionweekendskopje.mk\/mk\/wp-json\/wp\/v2\/types\/page"}],"author":[{"embeddable":true,"href":"https:\/\/fashionweekendskopje.mk\/mk\/wp-json\/wp\/v2\/users\/1"}],"replies":[{"embeddable":true,"href":"https:\/\/fashionweekendskopje.mk\/mk\/wp-json\/wp\/v2\/comments?post=1770"}],"version-history":[{"count":20,"href":"https:\/\/fashionweekendskopje.mk\/mk\/wp-json\/wp\/v2\/pages\/1770\/revisions"}],"predecessor-version":[{"id":4047,"href":"https:\/\/fashionweekendskopje.mk\/mk\/wp-json\/wp\/v2\/pages\/1770\/revisions\/4047"}],"wp:featuredmedia":[{"embeddable":true,"href":"https:\/\/fashionweekendskopje.mk\/mk\/wp-json\/wp\/v2\/media\/1214"}],"wp:attachment":[{"href":"https:\/\/fashionweekendskopje.mk\/mk\/wp-json\/wp\/v2\/media?parent=1770"}],"curies":[{"name":"wp","href":"https:\/\/api.w.org\/{rel}","templated":true}]}}